
 {"id":10,"date":"2022-06-26T07:23:26","date_gmt":"2022-06-26T07:23:26","guid":{"rendered":"http:\/\/kt.hdweb24h.com\/Duanceladon\/?page_id=10"},"modified":"2025-11-01T04:47:38","modified_gmt":"2025-11-01T04:47:38","slug":"lien-he","status":"publish","type":"page","link":"https:\/\/ebs-eng.com\/en\/lien-he\/","title":{"rendered":"CONTACT"},"content":{"rendered":"<p><section class=\"kc-elm kc-css-428712 kc_row\"><div class=\"kc-row-container  kc-container\"><div class=\"kc-wrap-columns\"><div class=\"kc-elm kc-css-601410 kc_col-sm-12 kc_column kc_col-sm-12\"><div class=\"kc-col-container\"><div class=\"kc-elm kc-css-204820 kc_text_block\"><\/p>\n<p>\n<span style=\"color: #000000;\"><b>EBS ENGINEERING CORPORATION<\/b><\/span><\/p>\n<div><span style=\"color: #000000;\"><img loading=\"lazy\" class=\"alignleft\" src=\"https:\/\/ebs-eng.com\/wp-content\/uploads\/2023\/01\/vitri-removebg-preview.png\" alt=\"\" width=\"13\" height=\"18\"><b>&nbsp;Head Office<\/b>: No 22, Street 8, Lakeview City, Binh Trung Ward, HCM City.<\/span><\/div>\n<div><span style=\"color: #000000;\"><img loading=\"lazy\" class=\"alignleft\" src=\"https:\/\/ebs-eng.com\/wp-content\/uploads\/2023\/01\/vitri-removebg-preview.png\" alt=\"\" width=\"13\" height=\"18\"><b>&nbsp;Northern Office<\/b>: 12th Floor &#8211; Building Diamond Flower, No. 48 &#8211; Street Le Van Luong, Thanh Xuan Ward, Ha Noi City.<\/span><\/div>\n<div><span style=\"color: #000000;\"><img loading=\"lazy\" class=\" alignleft\" src=\"https:\/\/ebs-eng.com\/wp-content\/uploads\/2023\/01\/call-removebg-preview.png\" alt=\"\" width=\"12\" height=\"17\"><strong>&nbsp;Hotline<\/strong>: (+84) 888.59.2468 \/ (+84) 942 06.06.85<\/span><\/div>\n<div><span style=\"color: #000000;\"><img loading=\"lazy\" class=\" alignleft\" src=\"https:\/\/ebs-eng.com\/wp-content\/uploads\/2023\/01\/email-removebg-preview.png\" alt=\"\" width=\"17\" height=\"12\"><strong>Email<\/strong>: <a style=\"color: #000000;\" href=\"mailto:info@ebs-eng.com\">info@ebs-eng.com<\/a><\/span><\/div>\n<div><span style=\"color: #000000;\"><img loading=\"lazy\" class=\" alignleft\" src=\"https:\/\/ebs-eng.com\/wp-content\/uploads\/2023\/01\/d81055d32cf810a6d527b5eb9ae20f08.png\" alt=\"\" width=\"17\" height=\"17\"><strong>Website<\/strong>:&nbsp;www.ebs-eng.com<\/span><\/div>\n<div class=\"page\" title=\"Page 15\">\n<div class=\"section\">\n<div class=\"layoutArea\">\n<div class=\"column\"><\/div>\n<\/div>\n<\/div>\n<\/div>\n<p>\n<\/div><\/div><\/div><\/div><\/div><\/section><section class=\"kc-elm kc-css-869740 kc_row\"><div class=\"kc-row-container  kc-container\"><div class=\"kc-wrap-columns\"><div class=\"kc-elm kc-css-569628 kc_col-sm-6 kc_column kc_col-sm-6\"><div class=\"kc-col-container\"><div class=\"kc-elm kc-css-650197 kc_text_block\"><\/p>\n<p style=\"font-size: 14px; line-height: normal; margin-top: 1em; margin-bottom: 1em; max-width: 100%; color: #444444; font-family: -apple-system, BlinkMacSystemFont, &#039;Segoe UI&#039;, Roboto, Oxygen-Sans, Ubuntu, Cantarell, &#039;Helvetica Neue&#039;, sans-serif;\"><iframe style=\"border: 0;\" src=\"https:\/\/www.google.com\/maps\/embed?pb=!1m18!1m12!1m3!1d3919.239586008245!2d106.77126491458915!3d10.792953392310313!2m3!1f0!2f0!3f0!3m2!1i1024!2i768!4f13.1!3m3!1m2!1s0x31752733baa28a17%3A0xe547c20fd4d3b843!2zQ8O0bmcgVHkgQ-G7lSBQaOG6p24gS-G7uSBUaHXhuq10IEVCUw!5e0!3m2!1svi!2s!4v1663929155877!5m2!1svi!2s\" width=\"100%\" height=\"450\" allowfullscreen=\"allowfullscreen\"><\/iframe><\/p>\n<div class=\"page\" style=\"outline: 0px; max-width: 100%; line-height: normal; color: #444444; font-family: -apple-system, BlinkMacSystemFont, &#039;Segoe UI&#039;, Roboto, Oxygen-Sans, Ubuntu, Cantarell, &#039;Helvetica Neue&#039;, sans-serif; font-size: 14px;\" title=\"Page 15\">\n<div class=\"section\" style=\"outline: 0px; max-width: 100%; line-height: normal;\">\n<div class=\"layoutArea\" style=\"outline: 0px; max-width: 100%; line-height: normal;\">\n<div class=\"column\" style=\"outline: 0px; max-width: 100%; line-height: normal;\"><\/div>\n<\/div>\n<\/div>\n<\/div>\n<p>\n<\/div><\/div><\/div><div class=\"kc-elm kc-css-657379 kc_col-sm-6 kc_column kc_col-sm-6\"><div class=\"kc-col-container\"><div class=\"kc-elm kc-css-340116 kc_text_block\"><\/p>\n<p>\n<span style=\"font-style: inherit;\"><\/p>\n<div role=\"form\" class=\"wpcf7\" id=\"wpcf7-f34-o2\" lang=\"vi\" dir=\"ltr\">\n<div class=\"screen-reader-response\">\n<p role=\"status\" aria-live=\"polite\" aria-atomic=\"true\">\n<ul><\/ul>\n<\/div>\n<form action=\"\/en\/wp-json\/wp\/v2\/pages\/10#wpcf7-f34-o2\" method=\"post\" class=\"wpcf7-form init\" novalidate=\"novalidate\" data-status=\"init\">\n<div style=\"display: none;\">\n<input type=\"hidden\" name=\"_wpcf7\" value=\"34\" \/><br \/>\n<input type=\"hidden\" name=\"_wpcf7_version\" value=\"5.3.1\" \/><br \/>\n<input type=\"hidden\" name=\"_wpcf7_locale\" value=\"vi\" \/><br \/>\n<input type=\"hidden\" name=\"_wpcf7_unit_tag\" value=\"wpcf7-f34-o2\" \/><br \/>\n<input type=\"hidden\" name=\"_wpcf7_container_post\" value=\"0\" \/><br \/>\n<input type=\"hidden\" name=\"_wpcf7_posted_data_hash\" value=\"\" \/>\n<\/div>\n<div class=\"box-dangki\">\n<div class=\"box-ttdk\">\n<h2>REGISTER TO RECEIVE INFORMATION<\/h2>\n<div class=\"text-ttdk\">Be the first to collaborate with EBS<\/div>\n<\/p>\n<\/div>\n<div class=\"field-dk col-md-12\"><span class=\"wpcf7-form-control-wrap your-name\"><input type=\"text\" name=\"your-name\" value=\"\" size=\"40\" class=\"wpcf7-form-control wpcf7-text\" aria-invalid=\"false\" placeholder=\"name\" \/><\/span><\/div>\n<div class=\"field-dk col-md-12\"><span class=\"wpcf7-form-control-wrap your-phone\"><input type=\"text\" name=\"your-phone\" value=\"\" size=\"40\" class=\"wpcf7-form-control wpcf7-text\" aria-invalid=\"false\" placeholder=\"Hotline\" \/><\/span><\/div>\n<div class=\"field-dk col-md-12\"><span class=\"wpcf7-form-control-wrap your-email\"><input type=\"email\" name=\"your-email\" value=\"\" size=\"40\" class=\"wpcf7-form-control wpcf7-text wpcf7-email wpcf7-validates-as-email\" aria-invalid=\"false\" placeholder=\"Email\" \/><\/span><\/div>\n<div class=\"field-dk col-md-12\"><span class=\"wpcf7-form-control-wrap you-textarea\"><textarea name=\"you-textarea\" cols=\"40\" rows=\"10\" class=\"wpcf7-form-control wpcf7-textarea\" aria-invalid=\"false\" placeholder=\"Information request\"><\/textarea><\/span><\/div>\n<div class=\"field-send col-md-12\"><input type=\"submit\" value=\"Register now\" class=\"wpcf7-form-control wpcf7-submit\" \/><\/div>\n<\/div>\n<div class=\"wpcf7-response-output\" aria-hidden=\"true\"><\/div>\n<\/form>\n<\/div>\n<p><\/span><\/p>\n<p>\n<\/div><\/div><\/div><\/div><\/div><\/section><\/p>","protected":false},"excerpt":{"rendered":"","protected":false},"author":1,"featured_media":0,"parent":0,"menu_order":0,"comment_status":"closed","ping_status":"closed","template":"","meta":[],"yoast_head":"<!-- This site is optimized with the Yoast SEO plugin v15.4 - https:\/\/yoast.com\/wordpress\/plugins\/seo\/ -->\n<title>CONTACT - EBS<\/title>\n<meta name=\"robots\" content=\"index, follow, max-snippet:-1, max-image-preview:large, max-video-preview:-1\" \/>\n<link rel=\"canonical\" href=\"https:\/\/ebs-eng.com\/lien-he\/\" \/>\n<meta property=\"og:locale\" content=\"en_US\" \/>\n<meta property=\"og:type\" content=\"article\" \/>\n<meta property=\"og:title\" content=\"[:vi]Li\u00ean H\u1ec7[:en]CONTACT[:] - EBS\" \/>\n<meta property=\"og:description\" content=\"REGISTER TO RECEIVE INFORMATION Be the first to collaborate with EBS H\u1ecd v\u00e0 t\u00eanname&#8221;] S\u1ed1 \u0111i\u1ec7n tho\u1ea1iHotline&#8221;] Y\u00eau c\u1ea7u th\u00f4ng tinInformation request&#8221;] \u0110\u0103ng k\u00fd ngayRegister now&#8221;] EBS ENGINEERING CORPORATION &nbsp;Head Office: No 22, Street 8, Lakeview City, Binh Trung Ward, HCM City. &nbsp;Northern Office: 12th Floor &#8211; Building Diamond Flower, No. 48 &#8211; Street Le &hellip; Continue reading &quot;CONTACT&quot;\" \/>\n<meta property=\"og:url\" content=\"https:\/\/ebs-eng.com\/lien-he\/\" \/>\n<meta property=\"og:site_name\" content=\"EBS\" \/>\n<meta property=\"article:modified_time\" content=\"2025-11-01T04:47:38+00:00\" \/>\n<meta property=\"og:image\" content=\"https:\/\/ebs-eng.com\/wp-content\/uploads\/2023\/01\/vitri-removebg-preview.png\" \/>\n<meta name=\"twitter:card\" content=\"summary_large_image\" \/>\n<meta name=\"twitter:label1\" content=\"Written by\">\n\t<meta name=\"twitter:data1\" content=\"webhd\">\n\t<meta name=\"twitter:label2\" content=\"Est. reading time\">\n\t<meta name=\"twitter:data2\" content=\"1 minute\">\n<script type=\"application\/ld+json\" class=\"yoast-schema-graph\">{\"@context\":\"https:\/\/schema.org\",\"@graph\":[{\"@type\":\"WebSite\",\"@id\":\"https:\/\/ebs-eng.com\/#website\",\"url\":\"https:\/\/ebs-eng.com\/\",\"name\":\"EBS\",\"description\":\"\",\"potentialAction\":[{\"@type\":\"SearchAction\",\"target\":\"https:\/\/ebs-eng.com\/?s={search_term_string}\",\"query-input\":\"required name=search_term_string\"}],\"inLanguage\":\"en-US\"},{\"@type\":\"ImageObject\",\"@id\":\"https:\/\/ebs-eng.com\/lien-he\/#primaryimage\",\"inLanguage\":\"en-US\",\"url\":\"https:\/\/ebs-eng.com\/wp-content\/uploads\/2023\/01\/vitri-removebg-preview.png\",\"width\":383,\"height\":512},{\"@type\":\"WebPage\",\"@id\":\"https:\/\/ebs-eng.com\/lien-he\/#webpage\",\"url\":\"https:\/\/ebs-eng.com\/lien-he\/\",\"name\":\"[:vi]Li\\u00ean H\\u1ec7[:en]CONTACT[:] - EBS\",\"isPartOf\":{\"@id\":\"https:\/\/ebs-eng.com\/#website\"},\"primaryImageOfPage\":{\"@id\":\"https:\/\/ebs-eng.com\/lien-he\/#primaryimage\"},\"datePublished\":\"2022-06-26T07:23:26+00:00\",\"dateModified\":\"2025-11-01T04:47:38+00:00\",\"inLanguage\":\"en-US\",\"potentialAction\":[{\"@type\":\"ReadAction\",\"target\":[\"https:\/\/ebs-eng.com\/lien-he\/\"]}]}]}<\/script>\n<!-- \/ Yoast SEO plugin. -->","_links":{"self":[{"href":"https:\/\/ebs-eng.com\/en\/wp-json\/wp\/v2\/pages\/10"}],"collection":[{"href":"https:\/\/ebs-eng.com\/en\/wp-json\/wp\/v2\/pages"}],"about":[{"href":"https:\/\/ebs-eng.com\/en\/wp-json\/wp\/v2\/types\/page"}],"author":[{"embeddable":true,"href":"https:\/\/ebs-eng.com\/en\/wp-json\/wp\/v2\/users\/1"}],"replies":[{"embeddable":true,"href":"https:\/\/ebs-eng.com\/en\/wp-json\/wp\/v2\/comments?post=10"}],"version-history":[{"count":113,"href":"https:\/\/ebs-eng.com\/en\/wp-json\/wp\/v2\/pages\/10\/revisions"}],"predecessor-version":[{"id":1684,"href":"https:\/\/ebs-eng.com\/en\/wp-json\/wp\/v2\/pages\/10\/revisions\/1684"}],"wp:attachment":[{"href":"https:\/\/ebs-eng.com\/en\/wp-json\/wp\/v2\/media?parent=10"}],"curies":[{"name":"wp","href":"https:\/\/api.w.org\/{rel}","templated":true}]}}